{"id":37,"date":"2014-02-26T12:51:06","date_gmt":"2014-02-26T11:51:06","guid":{"rendered":"http:\/\/cmstest.mt79.de\/?page_id=37"},"modified":"2017-03-10T23:05:42","modified_gmt":"2017-03-10T22:05:42","slug":"vdk-besch-vorstandsmitglieder","status":"publish","type":"page","link":"https:\/\/guenter.leuck.name\/?page_id=37","title":{"rendered":"VdK Besch: Vorstandsmitglieder"},"content":{"rendered":"<h3 class=\"Page-Titel\">Vorstandsmitglieder<\/h3>\n<p>1. Vorsitzender : G\u00fcnter Leuck<\/p>\n<p>2. Vorsitzende : Wilhelmine Leuck<\/p>\n<p>Kassenwart: Bernhard Berens<\/p>\n<p>Schriftf\u00fchrer\/ Webmaster: G\u00fcnter Leuck<\/p>\n<p>Frauenbeauftragte: Mia Engeldinger<\/p>\n<p>1. Beisitzer: Matthias Blau<\/p>\n<p>2. Beisitzer: Gertrud Kr\u00fcger<\/p>\n<p>3. Beisitzer: Elfriede Becker<\/p>\n<p>4. Beisitzer:<\/p>\n<p>1. Kassenpr\u00fcfer: Anette Ulrich<\/p>\n<p>2. Kassenpr\u00fcfer:<\/p>\n<p>Delegierte: G\u00fcnter Leuck, Bernhard Berens<\/p>\n<p>Ersatzdelegierte: Mia Engeldinger, Gertrud Kr\u00fcger<\/p>\n","protected":false},"excerpt":{"rendered":"<p>Vorstandsmitglieder 1. Vorsitzender : G\u00fcnter Leuck 2. Vorsitzende : Wilhelmine Leuck Kassenwart: Bernhard Berens Schriftf\u00fchrer\/ Webmaster: G\u00fcnter Leuck Frauenbeauftragte: Mia Engeldinger 1. Beisitzer: Matthias Blau 2. Beisitzer: Gertrud Kr\u00fcger 3. Beisitzer: Elfriede Becker 4. Beisitzer: 1. Kassenpr\u00fcfer: Anette Ulrich 2. Kassenpr\u00fcfer: Delegierte: G\u00fcnter Leuck, Bernhard Berens Ersatzdelegierte: Mia Engeldinger, Gertrud Kr\u00fcger<\/p>\n","protected":false},"author":3,"featured_media":0,"parent":0,"menu_order":0,"comment_status":"closed","ping_status":"closed","template":"","meta":{"footnotes":""},"class_list":["post-37","page","type-page","status-publish","hentry","nodate"],"_links":{"self":[{"href":"https:\/\/guenter.leuck.name\/index.php?rest_route=\/wp\/v2\/pages\/37","targetHints":{"allow":["GET"]}}],"collection":[{"href":"https:\/\/guenter.leuck.name\/index.php?rest_route=\/wp\/v2\/pages"}],"about":[{"href":"https:\/\/guenter.leuck.name\/index.php?rest_route=\/wp\/v2\/types\/page"}],"author":[{"embeddable":true,"href":"https:\/\/guenter.leuck.name\/index.php?rest_route=\/wp\/v2\/users\/3"}],"replies":[{"embeddable":true,"href":"https:\/\/guenter.leuck.name\/index.php?rest_route=%2Fwp%2Fv2%2Fcomments&post=37"}],"version-history":[{"count":2,"href":"https:\/\/guenter.leuck.name\/index.php?rest_route=\/wp\/v2\/pages\/37\/revisions"}],"predecessor-version":[{"id":182,"href":"https:\/\/guenter.leuck.name\/index.php?rest_route=\/wp\/v2\/pages\/37\/revisions\/182"}],"wp:attachment":[{"href":"https:\/\/guenter.leuck.name\/index.php?rest_route=%2Fwp%2Fv2%2Fmedia&parent=37"}],"curies":[{"name":"wp","href":"https:\/\/api.w.org\/{rel}","templated":true}]}}